{"id":92,"date":"2020-03-17T07:09:43","date_gmt":"2020-03-17T07:09:43","guid":{"rendered":"https:\/\/demosites.io\/freelancer-gb\/?page_id=92"},"modified":"2025-07-17T20:20:57","modified_gmt":"2025-07-17T18:20:57","slug":"home","status":"publish","type":"page","link":"https:\/\/falkbachmann.com\/en\/","title":{"rendered":"Home"},"content":{"rendered":"\n<div id=\"wp-block-themeisle-blocks-advanced-columns-63be344d\" class=\"wp-block-themeisle-blocks-advanced-columns alignfull has-1-columns has-desktop-equal-layout has-tablet-equal-layout has-mobile-equal-layout has-vertical-unset has-dark-bg\"><div class=\"wp-block-themeisle-blocks-advanced-columns-overlay\"><\/div><div class=\"innerblocks-wrap\">\n<div id=\"wp-block-themeisle-blocks-advanced-column-bba64229\" class=\"wp-block-themeisle-blocks-advanced-column has-dark-bg ticss-56f9aa55\">\n<div class=\"wp-block-group\"><div class=\"wp-block-group__inner-container is-layout-constrained wp-block-group-is-layout-constrained\">\n<!DOCTYPE html>\n<html lang=\"en\">\n<head>\n  <style>\n\n* {\n \tbox-sizing: border-box;\n}\n\n.text-wrapper{\n    display: flex;\n    align-items: flex-start;\n    gap: 0.5rem;\n    flex-wrap: wrap;\n    max-width: 75vw;\n}\n.animate-text {\n  height: 70px;\n  display: flex;\n    justify-content: center;\n  overflow: hidden;\n  max-width: 100%;\n}\n\n.animate-text span{\n    font-size: var(--h1fontsize);\n    font-weight: var(--h1fontweight);\n    line-height: var(--h1lineheight);\n    letter-spacing: var(--h1letterspacing);\n    text-transform: var(--h1texttransform);\n    color:#ffffff;\n    display: none;\n    word-wrap: break-word;\n    max-width: 100%;\n}\n\n.animate-text span.text-in{\n\tdisplay: block;\n\tanimation: textIn .5s ease;\n}\n.animate-text span.text-out{\n\tanimation: textOut 1s ease;\n}\n@keyframes textIn{\n\t0%{\n\t\ttransform: translateY(100%);\n\t}\n\t100%{\n\t\ttransform: translateY(0%);\n\t}\n}\n@keyframes textOut{\n\t0%{\n\t\ttransform: translateY(0%);\n\t}\n\t100%{\n\t\ttransform: translateY(-100%);\n\n\t}\n}\n<\/style>\n<\/head>\n<body>\n\n\n<div class=\"text-wrapper\">\n    <h1 style=\"margin:0;\">Hi, ich bin <\/h1>\n    <p class=\"animate-text\">\n      <span>Falk.<\/span>\n      <span>Tech Enthusiast.<\/span>\n      <span>Softwareentwickler.<\/span>\n      <span>Kaffee Liebhaber.<\/span>\n      <span>Schlagzeuger.<\/span>\n      <span>analog Fotograph.<\/span>\n      <span>Unternehmer.<\/span>\n    <\/p>\n<\/div>\n\n<script>\nconst {children: titles} = document.querySelector(\".animate-text\");\nconst txtsLen = titles.length;\nlet index = 0;\nconst textInTimer = 3000;\nconst textOutTimer = 2800;\n\nfunction animateText() {\n  for (let i = 0; i < txtsLen; i++) {\n    titles[i].classList.remove(\"text-in\", \"text-out\");\n  }\n  titles[index].classList.add(\"text-in\");\n\n  setTimeout(function () {\n    titles[index].classList.add(\"text-out\");\n  }, textOutTimer);\n\n  setTimeout(function () {\n    if (index == txtsLen - 1) {\n      index = 0;\n    } else {\n      index++;\n    }\n    animateText();\n  }, textInTimer);\n}\n\nwindow.onload = animateText;\n<\/script>\n<\/body>\n<\/html>\n\n\n\n<div class=\"wp-block-group\"><div class=\"wp-block-group__inner-container is-layout-constrained wp-block-group-is-layout-constrained\">\n<div class=\"wp-block-group\"><div class=\"wp-block-group__inner-container is-layout-constrained wp-block-group-is-layout-constrained\">\n<p class=\"has-nv-site-bg-color has-text-color\">Willkommen! Entdecke hier innovative Softwarel\u00f6sungen und meinen Weg als Entwickler und Jungunternehmer.<\/p>\n<\/div><\/div>\n<\/div><\/div>\n<\/div><\/div>\n<\/div>\n<\/div><\/div>\n\n\n\n<div id=\"wp-block-themeisle-blocks-advanced-columns-56f9cd33\" class=\"wp-block-themeisle-blocks-advanced-columns alignfull has-2-columns has-desktop-equal-layout has-tablet-equal-layout has-mobile-collapsedRows-layout has-reverse-columns-mobile has-vertical-center\"><div class=\"wp-block-themeisle-blocks-advanced-columns-overlay\"><\/div><div class=\"innerblocks-wrap\">\n<div id=\"wp-block-themeisle-blocks-advanced-column-ed2b7be5\" class=\"wp-block-themeisle-blocks-advanced-column\">\n<h2 id=\"wp-block-themeisle-blocks-advanced-heading-eadaf7b6\" class=\"wp-block-themeisle-blocks-advanced-heading wp-block-themeisle-blocks-advanced-heading-eadaf7b6\">Wo Code auf Mehrwert trifft.<\/h2>\n\n\n\n<p class=\"has-text-align-left\">Als <strong>leidenschaftlicher Softwareentwickler<\/strong> und <strong>innovativer Jungunternehmer<\/strong> wei\u00df ich, wie man digitale Visionen in begeisternde Realit\u00e4t verwandelt. Ich gestalte <strong>moderne Web-L\u00f6sungen<\/strong> und <strong>Mobile-Apps<\/strong>, die nicht nur technisch brillant sind, sondern auch von den Nutzern geliebt werden. Von der ersten Idee bis zum reibungslosen Betrieb habe ich zahlreiche Softwareprojekte ma\u00dfgeblich mitgestaltet und dabei stets den Fokus auf <strong>nachhaltigen Mehrwert und exzellente User Experience<\/strong> gelegt. Lass uns gemeinsam innovative Software entwickeln, die begeistert!<\/p>\n\n\n\n<div id=\"wp-block-themeisle-blocks-button-group-afeb2436\" class=\"wp-block-themeisle-blocks-button-group wp-block-buttons align-left\">\n<div id=\"wp-block-themeisle-blocks-button-ce0886fc\" class=\"wp-block-themeisle-blocks-button wp-block-button\"><a href=\"https:\/\/falkbachmann.com\/about-me\/\" target=\"_self\" rel=\"noopener noreferrer\" class=\"wp-block-button__link\"><span>MEHR \u00dcber Mich ERFAHREN<\/span><\/a><\/div>\n<\/div>\n<\/div>\n\n\n\n<div id=\"wp-block-themeisle-blocks-advanced-column-1742a6c3\" class=\"wp-block-themeisle-blocks-advanced-column\">\n<figure class=\"wp-block-image size-large\"><img loading=\"lazy\" decoding=\"async\" width=\"769\" height=\"1024\" src=\"https:\/\/falkbachmann.com\/wp-content\/uploads\/2025\/07\/0000671-1-1-769x1024.jpg\" alt=\"\" class=\"wp-image-886\" srcset=\"https:\/\/falkbachmann.com\/wp-content\/uploads\/2025\/07\/0000671-1-1-769x1024.jpg 769w, https:\/\/falkbachmann.com\/wp-content\/uploads\/2025\/07\/0000671-1-1-225x300.jpg 225w, https:\/\/falkbachmann.com\/wp-content\/uploads\/2025\/07\/0000671-1-1-768x1023.jpg 768w, https:\/\/falkbachmann.com\/wp-content\/uploads\/2025\/07\/0000671-1-1-1153x1536.jpg 1153w, https:\/\/falkbachmann.com\/wp-content\/uploads\/2025\/07\/0000671-1-1-1537x2048.jpg 1537w, https:\/\/falkbachmann.com\/wp-content\/uploads\/2025\/07\/0000671-1-1-9x12.jpg 9w, https:\/\/falkbachmann.com\/wp-content\/uploads\/2025\/07\/0000671-1-1-scaled.jpg 1922w\" sizes=\"auto, (max-width: 769px) 100vw, 769px\" \/><\/figure>\n<\/div>\n<\/div><\/div>\n\n\n\n<div id=\"wp-block-themeisle-blocks-advanced-columns-98e0e379\" class=\"wp-block-themeisle-blocks-advanced-columns alignfull has-1-columns has-desktop-equal-layout has-tablet-equal-layout has-mobile-equal-layout has-vertical-unset has-light-bg\"><div class=\"wp-block-themeisle-blocks-advanced-columns-overlay\"><\/div><div class=\"innerblocks-wrap\">\n<div id=\"wp-block-themeisle-blocks-advanced-column-f4e85369\" class=\"wp-block-themeisle-blocks-advanced-column\">\n<h2 id=\"wp-block-themeisle-blocks-advanced-heading-50bbe12c\" class=\"wp-block-themeisle-blocks-advanced-heading wp-block-themeisle-blocks-advanced-heading-50bbe12c\">Mein Skillset <\/h2>\n<\/div>\n<\/div><\/div>\n\n\n\n<div id=\"wp-block-themeisle-blocks-advanced-columns-c1ac93b9\" class=\"wp-block-themeisle-blocks-advanced-columns alignfull has-3-columns has-desktop-equal-layout has-tablet-equal-layout has-mobile-collapsedRows-layout has-vertical-unset has-light-bg\"><div class=\"wp-block-themeisle-blocks-advanced-columns-overlay\"><\/div><div class=\"innerblocks-wrap\">\n<div id=\"wp-block-themeisle-blocks-advanced-column-e1a6dc80\" class=\"wp-block-themeisle-blocks-advanced-column\">\n<div id=\"wp-block-themeisle-blocks-font-awesome-icons-81ee3c2a\" class=\"wp-block-themeisle-blocks-font-awesome-icons\"><span class=\"wp-block-themeisle-blocks-font-awesome-icons-container\"><i class=\"fas fa-code\"><\/i><\/span><\/div>\n\n\n\n<h2 id=\"wp-block-themeisle-blocks-advanced-heading-7fd5859d\" class=\"wp-block-themeisle-blocks-advanced-heading wp-block-themeisle-blocks-advanced-heading-7fd5859d\"> WEB- &amp; Mobile ENTWICKLUNG<\/h2>\n\n\n\n<p class=\"has-text-align-center has-white-color has-text-color\">Vom Design zur modernen Webanwendung oder nativen App.<\/p>\n<\/div>\n\n\n\n<div id=\"wp-block-themeisle-blocks-advanced-column-368a8d65\" class=\"wp-block-themeisle-blocks-advanced-column\">\n<div id=\"wp-block-themeisle-blocks-font-awesome-icons-f09e4992\" class=\"wp-block-themeisle-blocks-font-awesome-icons\"><span class=\"wp-block-themeisle-blocks-font-awesome-icons-container\"><i class=\"fas fa-network-wired\"><\/i><\/span><\/div>\n\n\n\n<h2 id=\"wp-block-themeisle-blocks-advanced-heading-09ec75c3\" class=\"wp-block-themeisle-blocks-advanced-heading wp-block-themeisle-blocks-advanced-heading-09ec75c3\">Solution Architecture<\/h2>\n\n\n\n<p class=\"has-text-align-center has-white-color has-text-color\">Komplexe Probleme erfordern individuelle L\u00f6sungen.<\/p>\n<\/div>\n\n\n\n<div id=\"wp-block-themeisle-blocks-advanced-column-2c02ebe7\" class=\"wp-block-themeisle-blocks-advanced-column\">\n<div id=\"wp-block-themeisle-blocks-font-awesome-icons-7c4b6044\" class=\"wp-block-themeisle-blocks-font-awesome-icons\"><span class=\"wp-block-themeisle-blocks-font-awesome-icons-container\"><i class=\"far fa-lightbulb\"><\/i><\/span><\/div>\n\n\n\n<h2 id=\"wp-block-themeisle-blocks-advanced-heading-80911cd0\" class=\"wp-block-themeisle-blocks-advanced-heading wp-block-themeisle-blocks-advanced-heading-80911cd0\">Business Innovation<\/h2>\n\n\n\n<p class=\"has-text-align-center has-white-color has-text-color\">Von der Idee zum erfolgreichen Business mit gl\u00fccklichen Nutzern, durch methodisches Vorgehen.<br><\/p>\n<\/div>\n<\/div><\/div>\n\n\n\n<div id=\"wp-block-themeisle-blocks-advanced-columns-d33c50fc\" class=\"wp-block-themeisle-blocks-advanced-columns alignfull has-2-columns has-desktop-equal-layout has-tablet-equal-layout has-mobile-collapsedRows-layout has-vertical-center\"><div class=\"wp-block-themeisle-blocks-advanced-columns-overlay\"><\/div><div class=\"innerblocks-wrap\">\n<div id=\"wp-block-themeisle-blocks-advanced-column-4582ae9e\" class=\"wp-block-themeisle-blocks-advanced-column\">\n<h2 id=\"wp-block-themeisle-blocks-advanced-heading-72b7d7bc\" class=\"wp-block-themeisle-blocks-advanced-heading wp-block-themeisle-blocks-advanced-heading-72b7d7bc\">Erlebe meine Arbeit<\/h2>\n\n\n\n<p class=\"has-text-align-left\">Tauche ein in mein Portfolio und sieh selbst, wie ich Software-Visionen in die Realit\u00e4t umsetze. Hier findest du eine \u00dcbersicht meiner spannendsten Projekte \u2013 von der ersten Codezeile bis zum erfolgreichen Launch. Lass dich inspirieren!<\/p>\n\n\n\n<div id=\"wp-block-themeisle-blocks-button-group-7c91fdb3\" class=\"wp-block-themeisle-blocks-button-group wp-block-buttons\">\n<div id=\"wp-block-themeisle-blocks-button-8927d909\" class=\"wp-block-themeisle-blocks-button wp-block-button\"><a href=\"https:\/\/falkbachmann.com\/portfolio\/\" target=\"_self\" rel=\"noopener noreferrer\" class=\"wp-block-button__link\"><span> Hier PORTFOLIO Entdecken<\/span><\/a><\/div>\n<\/div>\n<\/div>\n\n\n\n<div id=\"wp-block-themeisle-blocks-advanced-column-6a9a9d9a\" class=\"wp-block-themeisle-blocks-advanced-column\">\n<lottie-player trigger=\"none\" id=\"wp-block-themeisle-blocks-lottie-b9842275\" src=\"https:\/\/falkbachmann.com\/wp-content\/uploads\/2024\/01\/Animation-1704219889332.json\" class=\"wp-block-themeisle-blocks-lottie\" autoplay loop count=\"100\" speed=\"1\" direction=\"1\" data-loop=\"true\" mode=\"normal\"><\/lottie-player>\n<\/div>\n<\/div><\/div>\n\n\n\n<div id=\"wp-block-themeisle-blocks-advanced-columns-685b4cb3\" class=\"wp-block-themeisle-blocks-advanced-columns alignfull has-1-columns has-desktop-equal-layout has-tablet-equal-layout has-mobile-equal-layout has-vertical-unset\"><div class=\"wp-block-themeisle-blocks-advanced-columns-overlay\"><\/div><div class=\"innerblocks-wrap\">\n<div id=\"wp-block-themeisle-blocks-advanced-column-bf38445c\" class=\"wp-block-themeisle-blocks-advanced-column\">\n<h2 id=\"wp-block-themeisle-blocks-advanced-heading-79dd9e2e\" class=\"wp-block-themeisle-blocks-advanced-heading wp-block-themeisle-blocks-advanced-heading-79dd9e2e\"><strong>Bereit, dein Projekt auf das n\u00e4chste Level zu heben?<\/strong><\/h2>\n\n\n\n<div id=\"wp-block-themeisle-blocks-button-group-185064b5\" class=\"wp-block-themeisle-blocks-button-group wp-block-buttons align-center\">\n<div id=\"wp-block-themeisle-blocks-button-0d65f813\" class=\"wp-block-themeisle-blocks-button wp-block-button\"><a href=\"https:\/\/falkbachmann.com\/contact\/\" target=\"_self\" rel=\"noopener noreferrer\" class=\"wp-block-button__link\"><span>JETZT KONTAKT AUFNEHMEN! <\/span><\/a><\/div>\n<\/div>\n<\/div>\n<\/div><\/div>\n","protected":false},"excerpt":{"rendered":"","protected":false},"author":1,"featured_media":0,"parent":0,"menu_order":0,"comment_status":"closed","ping_status":"closed","template":"page-templates\/template-pagebuilder-full-width.php","meta":{"neve_meta_sidebar":"full-width","neve_meta_container":"","neve_meta_enable_content_width":"on","neve_meta_content_width":100,"neve_meta_title_alignment":"","neve_meta_author_avatar":"","neve_post_elements_order":"","neve_meta_disable_header":"off","neve_meta_disable_footer":"","neve_meta_disable_title":"","_themeisle_gutenberg_block_has_review":false,"footnotes":""},"class_list":["post-92","page","type-page","status-publish","hentry"],"yoast_head":"<title>Falk Bachmann \u2013 Innovativer Webentwickler &amp; Software-Experte<\/title>\n<meta name=\"description\" content=\"Falk Bachmann: Leidenschaftlicher Softwareentwickler &amp; Jungunternehmer. Entdecke mein Portfolio f\u00fcr moderne Web-Entwicklung, agile Projekte &amp; innovative L\u00f6sungen mit Mehrwert.\" \/>\n<meta name=\"robots\" content=\"index, follow, max-snippet:-1, max-image-preview:large, max-video-preview:-1\" \/>\n<link rel=\"canonical\" href=\"https:\/\/falkbachmann.com\/en\/\" \/>\n<meta property=\"og:locale\" content=\"en_US\" \/>\n<meta property=\"og:type\" content=\"article\" \/>\n<meta property=\"og:title\" content=\"Falk Bachmann \u2013 Innovativer Webentwickler &amp; Software-Experte\" \/>\n<meta property=\"og:description\" content=\"Falk Bachmann: Leidenschaftlicher Softwareentwickler &amp; Jungunternehmer. Entdecke mein Portfolio f\u00fcr moderne Web-Entwicklung, agile Projekte &amp; innovative L\u00f6sungen mit Mehrwert.\" \/>\n<meta property=\"og:url\" content=\"https:\/\/falkbachmann.com\/en\/\" \/>\n<meta property=\"og:site_name\" content=\"Falk Bachmann\" \/>\n<meta property=\"article:modified_time\" content=\"2025-07-17T18:20:57+00:00\" \/>\n<meta property=\"og:image\" content=\"https:\/\/falkbachmann.com\/wp-content\/uploads\/2025\/07\/0000671-1-1-scaled.jpg\" \/>\n\t<meta property=\"og:image:width\" content=\"1922\" \/>\n\t<meta property=\"og:image:height\" content=\"2560\" \/>\n\t<meta property=\"og:image:type\" content=\"image\/jpeg\" \/>\n<meta name=\"twitter:card\" content=\"summary_large_image\" \/>\n<meta name=\"twitter:label1\" content=\"Est. reading time\" \/>\n\t<meta name=\"twitter:data1\" content=\"2 minutes\" \/>\n<script type=\"application\/ld+json\" class=\"yoast-schema-graph\">{\"@context\":\"https:\\\/\\\/schema.org\",\"@graph\":[{\"@type\":\"WebPage\",\"@id\":\"https:\\\/\\\/falkbachmann.com\\\/\",\"url\":\"https:\\\/\\\/falkbachmann.com\\\/\",\"name\":\"Falk Bachmann \u2013 Innovativer Webentwickler & Software-Experte\",\"isPartOf\":{\"@id\":\"https:\\\/\\\/falkbachmann.com\\\/#website\"},\"primaryImageOfPage\":{\"@id\":\"https:\\\/\\\/falkbachmann.com\\\/#primaryimage\"},\"image\":{\"@id\":\"https:\\\/\\\/falkbachmann.com\\\/#primaryimage\"},\"thumbnailUrl\":\"https:\\\/\\\/falkbachmann.com\\\/wp-content\\\/uploads\\\/2025\\\/07\\\/0000671-1-1-769x1024.jpg\",\"datePublished\":\"2020-03-17T07:09:43+00:00\",\"dateModified\":\"2025-07-17T18:20:57+00:00\",\"description\":\"Falk Bachmann: Leidenschaftlicher Softwareentwickler & Jungunternehmer. Entdecke mein Portfolio f\u00fcr moderne Web-Entwicklung, agile Projekte & innovative L\u00f6sungen mit Mehrwert.\",\"breadcrumb\":{\"@id\":\"https:\\\/\\\/falkbachmann.com\\\/#breadcrumb\"},\"inLanguage\":\"en-US\",\"potentialAction\":[{\"@type\":\"ReadAction\",\"target\":[\"https:\\\/\\\/falkbachmann.com\\\/\"]}]},{\"@type\":\"ImageObject\",\"inLanguage\":\"en-US\",\"@id\":\"https:\\\/\\\/falkbachmann.com\\\/#primaryimage\",\"url\":\"https:\\\/\\\/falkbachmann.com\\\/wp-content\\\/uploads\\\/2025\\\/07\\\/0000671-1-1-769x1024.jpg\",\"contentUrl\":\"https:\\\/\\\/falkbachmann.com\\\/wp-content\\\/uploads\\\/2025\\\/07\\\/0000671-1-1-769x1024.jpg\"},{\"@type\":\"BreadcrumbList\",\"@id\":\"https:\\\/\\\/falkbachmann.com\\\/#breadcrumb\",\"itemListElement\":[{\"@type\":\"ListItem\",\"position\":1,\"name\":\"Startseite\",\"item\":\"https:\\\/\\\/falkbachmann.com\\\/\"},{\"@type\":\"ListItem\",\"position\":2,\"name\":\"Home\"}]},{\"@type\":\"WebSite\",\"@id\":\"https:\\\/\\\/falkbachmann.com\\\/#website\",\"url\":\"https:\\\/\\\/falkbachmann.com\\\/\",\"name\":\"Falk Bachmann\",\"description\":\"Software die Menschen gl\u00fccklich macht\",\"publisher\":{\"@id\":\"https:\\\/\\\/falkbachmann.com\\\/#organization\"},\"potentialAction\":[{\"@type\":\"SearchAction\",\"target\":{\"@type\":\"EntryPoint\",\"urlTemplate\":\"https:\\\/\\\/falkbachmann.com\\\/?s={search_term_string}\"},\"query-input\":{\"@type\":\"PropertyValueSpecification\",\"valueRequired\":true,\"valueName\":\"search_term_string\"}}],\"inLanguage\":\"en-US\"},{\"@type\":\"Organization\",\"@id\":\"https:\\\/\\\/falkbachmann.com\\\/#organization\",\"name\":\"Falk Bachmann\",\"url\":\"https:\\\/\\\/falkbachmann.com\\\/\",\"logo\":{\"@type\":\"ImageObject\",\"inLanguage\":\"en-US\",\"@id\":\"https:\\\/\\\/falkbachmann.com\\\/#\\\/schema\\\/logo\\\/image\\\/\",\"url\":\"https:\\\/\\\/falkbachmann.com\\\/wp-content\\\/uploads\\\/2021\\\/06\\\/cropped-output-onlinepngtools-1-1.png\",\"contentUrl\":\"https:\\\/\\\/falkbachmann.com\\\/wp-content\\\/uploads\\\/2021\\\/06\\\/cropped-output-onlinepngtools-1-1.png\",\"width\":943,\"height\":945,\"caption\":\"Falk Bachmann\"},\"image\":{\"@id\":\"https:\\\/\\\/falkbachmann.com\\\/#\\\/schema\\\/logo\\\/image\\\/\"}}]}<\/script>","yoast_head_json":{"title":"Falk Bachmann \u2013 Innovativer Webentwickler & Software-Experte","description":"Falk Bachmann: Leidenschaftlicher Softwareentwickler & Jungunternehmer. Entdecke mein Portfolio f\u00fcr moderne Web-Entwicklung, agile Projekte & innovative L\u00f6sungen mit Mehrwert.","robots":{"index":"index","follow":"follow","max-snippet":"max-snippet:-1","max-image-preview":"max-image-preview:large","max-video-preview":"max-video-preview:-1"},"canonical":"https:\/\/falkbachmann.com\/en\/","og_locale":"en_US","og_type":"article","og_title":"Falk Bachmann \u2013 Innovativer Webentwickler & Software-Experte","og_description":"Falk Bachmann: Leidenschaftlicher Softwareentwickler & Jungunternehmer. Entdecke mein Portfolio f\u00fcr moderne Web-Entwicklung, agile Projekte & innovative L\u00f6sungen mit Mehrwert.","og_url":"https:\/\/falkbachmann.com\/en\/","og_site_name":"Falk Bachmann","article_modified_time":"2025-07-17T18:20:57+00:00","og_image":[{"width":1922,"height":2560,"url":"https:\/\/falkbachmann.com\/wp-content\/uploads\/2025\/07\/0000671-1-1-scaled.jpg","type":"image\/jpeg"}],"twitter_card":"summary_large_image","twitter_misc":{"Est. reading time":"2 minutes"},"schema":{"@context":"https:\/\/schema.org","@graph":[{"@type":"WebPage","@id":"https:\/\/falkbachmann.com\/","url":"https:\/\/falkbachmann.com\/","name":"Falk Bachmann \u2013 Innovativer Webentwickler & Software-Experte","isPartOf":{"@id":"https:\/\/falkbachmann.com\/#website"},"primaryImageOfPage":{"@id":"https:\/\/falkbachmann.com\/#primaryimage"},"image":{"@id":"https:\/\/falkbachmann.com\/#primaryimage"},"thumbnailUrl":"https:\/\/falkbachmann.com\/wp-content\/uploads\/2025\/07\/0000671-1-1-769x1024.jpg","datePublished":"2020-03-17T07:09:43+00:00","dateModified":"2025-07-17T18:20:57+00:00","description":"Falk Bachmann: Leidenschaftlicher Softwareentwickler & Jungunternehmer. Entdecke mein Portfolio f\u00fcr moderne Web-Entwicklung, agile Projekte & innovative L\u00f6sungen mit Mehrwert.","breadcrumb":{"@id":"https:\/\/falkbachmann.com\/#breadcrumb"},"inLanguage":"en-US","potentialAction":[{"@type":"ReadAction","target":["https:\/\/falkbachmann.com\/"]}]},{"@type":"ImageObject","inLanguage":"en-US","@id":"https:\/\/falkbachmann.com\/#primaryimage","url":"https:\/\/falkbachmann.com\/wp-content\/uploads\/2025\/07\/0000671-1-1-769x1024.jpg","contentUrl":"https:\/\/falkbachmann.com\/wp-content\/uploads\/2025\/07\/0000671-1-1-769x1024.jpg"},{"@type":"BreadcrumbList","@id":"https:\/\/falkbachmann.com\/#breadcrumb","itemListElement":[{"@type":"ListItem","position":1,"name":"Startseite","item":"https:\/\/falkbachmann.com\/"},{"@type":"ListItem","position":2,"name":"Home"}]},{"@type":"WebSite","@id":"https:\/\/falkbachmann.com\/#website","url":"https:\/\/falkbachmann.com\/","name":"Falk Bachmann","description":"Software that makes people happy","publisher":{"@id":"https:\/\/falkbachmann.com\/#organization"},"potentialAction":[{"@type":"SearchAction","target":{"@type":"EntryPoint","urlTemplate":"https:\/\/falkbachmann.com\/?s={search_term_string}"},"query-input":{"@type":"PropertyValueSpecification","valueRequired":true,"valueName":"search_term_string"}}],"inLanguage":"en-US"},{"@type":"Organization","@id":"https:\/\/falkbachmann.com\/#organization","name":"Falk Bachmann","url":"https:\/\/falkbachmann.com\/","logo":{"@type":"ImageObject","inLanguage":"en-US","@id":"https:\/\/falkbachmann.com\/#\/schema\/logo\/image\/","url":"https:\/\/falkbachmann.com\/wp-content\/uploads\/2021\/06\/cropped-output-onlinepngtools-1-1.png","contentUrl":"https:\/\/falkbachmann.com\/wp-content\/uploads\/2021\/06\/cropped-output-onlinepngtools-1-1.png","width":943,"height":945,"caption":"Falk Bachmann"},"image":{"@id":"https:\/\/falkbachmann.com\/#\/schema\/logo\/image\/"}}]}},"_links":{"self":[{"href":"https:\/\/falkbachmann.com\/en\/wp-json\/wp\/v2\/pages\/92","targetHints":{"allow":["GET"]}}],"collection":[{"href":"https:\/\/falkbachmann.com\/en\/wp-json\/wp\/v2\/pages"}],"about":[{"href":"https:\/\/falkbachmann.com\/en\/wp-json\/wp\/v2\/types\/page"}],"author":[{"embeddable":true,"href":"https:\/\/falkbachmann.com\/en\/wp-json\/wp\/v2\/users\/1"}],"replies":[{"embeddable":true,"href":"https:\/\/falkbachmann.com\/en\/wp-json\/wp\/v2\/comments?post=92"}],"version-history":[{"count":17,"href":"https:\/\/falkbachmann.com\/en\/wp-json\/wp\/v2\/pages\/92\/revisions"}],"predecessor-version":[{"id":917,"href":"https:\/\/falkbachmann.com\/en\/wp-json\/wp\/v2\/pages\/92\/revisions\/917"}],"wp:attachment":[{"href":"https:\/\/falkbachmann.com\/en\/wp-json\/wp\/v2\/media?parent=92"}],"curies":[{"name":"wp","href":"https:\/\/api.w.org\/{rel}","templated":true}]}}